{"id":97,"date":"2024-01-08T17:51:04","date_gmt":"2024-01-08T16:51:04","guid":{"rendered":"https:\/\/thorhund0803.dk\/?page_id=97"},"modified":"2024-01-21T14:29:12","modified_gmt":"2024-01-21T13:29:12","slug":"kragerne","status":"publish","type":"page","link":"https:\/\/thorhund0803.dk\/?page_id=97","title":{"rendered":"Kragerne"},"content":{"rendered":"\n<p>Krageparret der aldrig spiser!<\/p>\n\n\n\n<p>H\u00f8jt p\u00e5 en gren to krager sad &#8211; nej, hov der er tre. Ungen er aldrig fl\u00f8jet hjemmefra!<\/p>\n\n\n\n<p>I naboens have er der et kragepar, der har holdt til i det samme tr\u00e6 og sted igennem flere \u00e5r i tykt og tyndt, i regn og slud, i solskin og bl\u00e6st har de siddet og nusset hinanden.<\/p>\n\n\n\n<p>De bliver kaldt Hugin og Munin. Jeg ved godt, at det var ravnene, der sad p\u00e5 Odins skuldre, men noget skulle de jo hedde.<\/p>\n\n\n\n<figure class=\"wp-block-image size-large\"><img data-recalc-dims=\"1\" loading=\"lazy\" decoding=\"async\" width=\"584\" height=\"390\" src=\"https:\/\/i0.wp.com\/thorhund0803.dk\/wp-content\/uploads\/2024\/01\/IMG_6287.jpg?resize=584%2C390&#038;ssl=1\" alt=\"\" class=\"wp-image-246\" srcset=\"https:\/\/i0.wp.com\/thorhund0803.dk\/wp-content\/uploads\/2024\/01\/IMG_6287-scaled.jpg?resize=1024%2C683&amp;ssl=1 1024w, https:\/\/i0.wp.com\/thorhund0803.dk\/wp-content\/uploads\/2024\/01\/IMG_6287-scaled.jpg?resize=300%2C200&amp;ssl=1 300w, https:\/\/i0.wp.com\/thorhund0803.dk\/wp-content\/uploads\/2024\/01\/IMG_6287-scaled.jpg?resize=768%2C512&amp;ssl=1 768w, https:\/\/i0.wp.com\/thorhund0803.dk\/wp-content\/uploads\/2024\/01\/IMG_6287-scaled.jpg?resize=1536%2C1024&amp;ssl=1 1536w, https:\/\/i0.wp.com\/thorhund0803.dk\/wp-content\/uploads\/2024\/01\/IMG_6287-scaled.jpg?resize=2048%2C1365&amp;ssl=1 2048w, https:\/\/i0.wp.com\/thorhund0803.dk\/wp-content\/uploads\/2024\/01\/IMG_6287-scaled.jpg?resize=450%2C300&amp;ssl=1 450w, https:\/\/i0.wp.com\/thorhund0803.dk\/wp-content\/uploads\/2024\/01\/IMG_6287-scaled.jpg?w=1168&amp;ssl=1 1168w, https:\/\/i0.wp.com\/thorhund0803.dk\/wp-content\/uploads\/2024\/01\/IMG_6287-scaled.jpg?w=1752&amp;ssl=1 1752w\" sizes=\"(max-width: 584px) 100vw, 584px\" \/><\/figure>\n\n\n\n<p>Og ungen, ja den sidder for det meste i beh\u00f8ring afstand og f\u00f8lger med i hvad de voksne laver.<\/p>\n\n\n\n<p>Familien er lige taget p\u00e5 tur.<\/p>\n","protected":false},"excerpt":{"rendered":"<p>Krageparret der aldrig spiser! H\u00f8jt p\u00e5 en gren to krager sad &#8211; nej, hov der er tre. Ungen er aldrig fl\u00f8jet hjemmefra! I naboens have er der et kragepar, der har holdt til i det samme tr\u00e6 og sted igennem &hellip; <a href=\"https:\/\/thorhund0803.dk\/?page_id=97\">L\u00e6s resten <span class=\"meta-nav\">&rarr;<\/span><\/a><\/p>\n","protected":false},"author":1,"featured_media":0,"parent":0,"menu_order":0,"comment_status":"closed","ping_status":"closed","template":"","meta":{"om_disable_all_campaigns":false,"_monsterinsights_skip_tracking":false,"_monsterinsights_sitenote_active":false,"_monsterinsights_sitenote_note":"","_monsterinsights_sitenote_category":0,"_uf_show_specific_survey":0,"_uf_disable_surveys":false,"ngg_post_thumbnail":0,"jetpack_post_was_ever_published":false,"footnotes":""},"class_list":["post-97","page","type-page","status-publish","hentry"],"aioseo_notices":[],"jetpack_sharing_enabled":true,"jetpack-related-posts":[],"_links":{"self":[{"href":"https:\/\/thorhund0803.dk\/index.php?rest_route=\/wp\/v2\/pages\/97"}],"collection":[{"href":"https:\/\/thorhund0803.dk\/index.php?rest_route=\/wp\/v2\/pages"}],"about":[{"href":"https:\/\/thorhund0803.dk\/index.php?rest_route=\/wp\/v2\/types\/page"}],"author":[{"embeddable":true,"href":"https:\/\/thorhund0803.dk\/index.php?rest_route=\/wp\/v2\/users\/1"}],"replies":[{"embeddable":true,"href":"https:\/\/thorhund0803.dk\/index.php?rest_route=%2Fwp%2Fv2%2Fcomments&post=97"}],"version-history":[{"count":14,"href":"https:\/\/thorhund0803.dk\/index.php?rest_route=\/wp\/v2\/pages\/97\/revisions"}],"predecessor-version":[{"id":262,"href":"https:\/\/thorhund0803.dk\/index.php?rest_route=\/wp\/v2\/pages\/97\/revisions\/262"}],"wp:attachment":[{"href":"https:\/\/thorhund0803.dk\/index.php?rest_route=%2Fwp%2Fv2%2Fmedia&parent=97"}],"curies":[{"name":"wp","href":"https:\/\/api.w.org\/{rel}","templated":true}]}}