{"id":8,"date":"2024-01-04T17:20:39","date_gmt":"2024-01-04T17:20:39","guid":{"rendered":"https:\/\/thorhund0803.dk\/?page_id=8"},"modified":"2024-02-23T18:17:56","modified_gmt":"2024-02-23T17:17:56","slug":"skeen-i-skuffen","status":"publish","type":"page","link":"https:\/\/thorhund0803.dk\/?page_id=8","title":{"rendered":"Skeen i skuffen"},"content":{"rendered":"\n<figure class=\"wp-block-image size-large wp-duotone-unset-1\"><img data-recalc-dims=\"1\" loading=\"lazy\" decoding=\"async\" width=\"584\" height=\"390\" src=\"https:\/\/i0.wp.com\/thorhund0803.dk\/wp-content\/uploads\/2024\/01\/IMG_6268.jpg?resize=584%2C390&#038;ssl=1\" alt=\"\" class=\"wp-image-209\" srcset=\"https:\/\/i0.wp.com\/thorhund0803.dk\/wp-content\/uploads\/2024\/01\/IMG_6268-scaled.jpg?resize=1024%2C683&amp;ssl=1 1024w, https:\/\/i0.wp.com\/thorhund0803.dk\/wp-content\/uploads\/2024\/01\/IMG_6268-scaled.jpg?resize=300%2C200&amp;ssl=1 300w, https:\/\/i0.wp.com\/thorhund0803.dk\/wp-content\/uploads\/2024\/01\/IMG_6268-scaled.jpg?resize=768%2C512&amp;ssl=1 768w, https:\/\/i0.wp.com\/thorhund0803.dk\/wp-content\/uploads\/2024\/01\/IMG_6268-scaled.jpg?resize=1536%2C1024&amp;ssl=1 1536w, https:\/\/i0.wp.com\/thorhund0803.dk\/wp-content\/uploads\/2024\/01\/IMG_6268-scaled.jpg?resize=2048%2C1365&amp;ssl=1 2048w, https:\/\/i0.wp.com\/thorhund0803.dk\/wp-content\/uploads\/2024\/01\/IMG_6268-scaled.jpg?w=1168&amp;ssl=1 1168w, https:\/\/i0.wp.com\/thorhund0803.dk\/wp-content\/uploads\/2024\/01\/IMG_6268-scaled.jpg?w=1752&amp;ssl=1 1752w\" sizes=\"(max-width: 584px) 100vw, 584px\" \/><\/figure>\n\n\n\n<p>Skeen er fundet i mor&#8217;s k\u00f8kkenskuffe ca. 2014.<\/p>\n\n\n\n<p>Den er godt brugt. Jeg kan huske, at den er blevet brugt til madlavningen (eller en tilsvarende ske).<\/p>\n\n\n\n<p>Skeen er g\u00e5et i arv gennem flere generationer. Hun havde den formentlig fra sit barndomshjem.<\/p>\n\n\n\n<p>Bag p\u00e5 laffet er der f\u00f8lgende inskription:<\/p>\n\n\n\n<blockquote class=\"wp-block-quote is-layout-flow wp-block-quote-is-layout-flow\">\n<p class=\"has-medium-font-size\"><strong><mark style=\"background-color:#e2e2e2\" class=\"has-inline-color has-blue-color\">C. Christensen Schmidt i Schelde 1826.<\/mark><\/strong><\/p>\n<\/blockquote>\n\n\n\n<p>Den er sandsynligvis en bryllupsgave til Thomas Christensen og Margarethe Dorthea Carstensen, der blev gift i Broager Kirke den 1. april 1826. <\/p>\n\n\n\n<p>Dette par er mine tip-2-oldefor\u00e6ldre.<\/p>\n\n\n\n<p>Schelde, p\u00e5 nudansk Skelde, er en lille landsby i Broager Sogn beliggende p\u00e5 den syd\u00f8stlige del af Broager Land.<\/p>\n\n\n\n<p>Hvis min formodning holder stik, er gaven fra Thomas Christensens s\u00f8ster og svoger, Anna Maria og Christian Christensen Schmidt, der var blevet gift nogle \u00e5r forinden.<\/p>\n\n\n\n<p>Det var p\u00e5 den tid i 1800-tallet ret almindeligt at give en ske med en inskription, som her graveret med giverens navn, sted og \u00e5rstal for begivenheden i bryllupsgave.<\/p>\n\n\n\n<p>Mor havde endnu en ske med inskription, men den var i v\u00e6sentligt d\u00e5rligere stand (den var n\u00e6sten br\u00e6kket i bladet).<\/p>\n\n\n\n<p>Der stod bl.a. \u00e5rstallet 1853. Desv\u00e6rre var den blevet smidt v\u00e6k p\u00e5 det tidspunkt, da ovenst\u00e5ende blev reddet.<\/p>\n","protected":false},"excerpt":{"rendered":"<p>Skeen er fundet i mor&#8217;s k\u00f8kkenskuffe ca. 2014. Den er godt brugt. Jeg kan huske, at den er blevet brugt til madlavningen (eller en tilsvarende ske). Skeen er g\u00e5et i arv gennem flere generationer. Hun havde den formentlig fra sit &hellip; <a href=\"https:\/\/thorhund0803.dk\/?page_id=8\">L\u00e6s resten <span class=\"meta-nav\">&rarr;<\/span><\/a><\/p>\n","protected":false},"author":1,"featured_media":0,"parent":0,"menu_order":0,"comment_status":"closed","ping_status":"closed","template":"","meta":{"om_disable_all_campaigns":false,"_monsterinsights_skip_tracking":false,"_monsterinsights_sitenote_active":false,"_monsterinsights_sitenote_note":"","_monsterinsights_sitenote_category":0,"_uf_show_specific_survey":0,"_uf_disable_surveys":false,"ngg_post_thumbnail":0,"jetpack_post_was_ever_published":false,"footnotes":""},"class_list":["post-8","page","type-page","status-publish","hentry"],"aioseo_notices":[],"jetpack_sharing_enabled":true,"jetpack-related-posts":[],"_links":{"self":[{"href":"https:\/\/thorhund0803.dk\/index.php?rest_route=\/wp\/v2\/pages\/8"}],"collection":[{"href":"https:\/\/thorhund0803.dk\/index.php?rest_route=\/wp\/v2\/pages"}],"about":[{"href":"https:\/\/thorhund0803.dk\/index.php?rest_route=\/wp\/v2\/types\/page"}],"author":[{"embeddable":true,"href":"https:\/\/thorhund0803.dk\/index.php?rest_route=\/wp\/v2\/users\/1"}],"replies":[{"embeddable":true,"href":"https:\/\/thorhund0803.dk\/index.php?rest_route=%2Fwp%2Fv2%2Fcomments&post=8"}],"version-history":[{"count":17,"href":"https:\/\/thorhund0803.dk\/index.php?rest_route=\/wp\/v2\/pages\/8\/revisions"}],"predecessor-version":[{"id":555,"href":"https:\/\/thorhund0803.dk\/index.php?rest_route=\/wp\/v2\/pages\/8\/revisions\/555"}],"wp:attachment":[{"href":"https:\/\/thorhund0803.dk\/index.php?rest_route=%2Fwp%2Fv2%2Fmedia&parent=8"}],"curies":[{"name":"wp","href":"https:\/\/api.w.org\/{rel}","templated":true}]}}