{"id":18,"date":"2024-01-05T08:33:20","date_gmt":"2024-01-05T08:33:20","guid":{"rendered":"https:\/\/thorhund0803.dk\/?page_id=18"},"modified":"2024-01-18T15:02:19","modified_gmt":"2024-01-18T14:02:19","slug":"vindmoellen-i-nyboel","status":"publish","type":"page","link":"https:\/\/thorhund0803.dk\/?page_id=18","title":{"rendered":"Vejrm\u00f8llen i Nyb\u00f8l"},"content":{"rendered":"\n<p class=\"has-text-align-center\"><strong>I forne tider var vejrm\u00f8llen i Nyb\u00f8l i f\u00e6ste til sl\u00e6gten i direkte linie fra tidligere end 1649 og til 1733.<\/strong><\/p>\n\n\n\n<div data-wp-interactive=\"core\/file\" class=\"wp-block-file\"><object data-wp-bind--hidden=\"!state.hasPdfPreview\"  class=\"wp-block-file__embed\" data=\"https:\/\/thorhund0803.dk\/wp-content\/uploads\/2024\/01\/Da-anerne-var-forpagtere-af-vejrmoellen-i-Nyboel-1649-til-1733.pdf\" type=\"application\/pdf\" style=\"width:100%;height:600px\" aria-label=\"Embed Da-anerne-var-forpagtere-af-vejrmoellen-i-Nyboel-1649-til-1733.\"><\/object><a id=\"wp-block-file--media-4857bbb7-5a6c-4c6b-ba43-8bac1607f157\" href=\"https:\/\/thorhund0803.dk\/wp-content\/uploads\/2024\/01\/Da-anerne-var-forpagtere-af-vejrmoellen-i-Nyboel-1649-til-1733.pdf\">Da-anerne-var-forpagtere-af-vejrmoellen-i-Nyboel-1649-til-1733<\/a><a href=\"https:\/\/thorhund0803.dk\/wp-content\/uploads\/2024\/01\/Da-anerne-var-forpagtere-af-vejrmoellen-i-Nyboel-1649-til-1733.pdf\" class=\"wp-block-file__button wp-element-button\" download aria-describedby=\"wp-block-file--media-4857bbb7-5a6c-4c6b-ba43-8bac1607f157\">Download<\/a><\/div>\n","protected":false},"excerpt":{"rendered":"<p>I forne tider var vejrm\u00f8llen i Nyb\u00f8l i f\u00e6ste til sl\u00e6gten i direkte linie fra tidligere end 1649 og til 1733.<\/p>\n","protected":false},"author":1,"featured_media":0,"parent":0,"menu_order":0,"comment_status":"closed","ping_status":"closed","template":"onecolumn-page.php","meta":{"om_disable_all_campaigns":false,"_monsterinsights_skip_tracking":false,"_monsterinsights_sitenote_active":false,"_monsterinsights_sitenote_note":"","_monsterinsights_sitenote_category":0,"_uf_show_specific_survey":0,"_uf_disable_surveys":false,"ngg_post_thumbnail":0,"jetpack_post_was_ever_published":false,"footnotes":""},"class_list":["post-18","page","type-page","status-publish","hentry"],"aioseo_notices":[],"jetpack_sharing_enabled":true,"jetpack-related-posts":[],"_links":{"self":[{"href":"https:\/\/thorhund0803.dk\/index.php?rest_route=\/wp\/v2\/pages\/18"}],"collection":[{"href":"https:\/\/thorhund0803.dk\/index.php?rest_route=\/wp\/v2\/pages"}],"about":[{"href":"https:\/\/thorhund0803.dk\/index.php?rest_route=\/wp\/v2\/types\/page"}],"author":[{"embeddable":true,"href":"https:\/\/thorhund0803.dk\/index.php?rest_route=\/wp\/v2\/users\/1"}],"replies":[{"embeddable":true,"href":"https:\/\/thorhund0803.dk\/index.php?rest_route=%2Fwp%2Fv2%2Fcomments&post=18"}],"version-history":[{"count":5,"href":"https:\/\/thorhund0803.dk\/index.php?rest_route=\/wp\/v2\/pages\/18\/revisions"}],"predecessor-version":[{"id":156,"href":"https:\/\/thorhund0803.dk\/index.php?rest_route=\/wp\/v2\/pages\/18\/revisions\/156"}],"wp:attachment":[{"href":"https:\/\/thorhund0803.dk\/index.php?rest_route=%2Fwp%2Fv2%2Fmedia&parent=18"}],"curies":[{"name":"wp","href":"https:\/\/api.w.org\/{rel}","templated":true}]}}