{"id":175,"date":"2024-01-12T18:08:03","date_gmt":"2024-01-12T17:08:03","guid":{"rendered":"https:\/\/thorhund0803.dk\/?page_id=175"},"modified":"2024-02-19T18:29:38","modified_gmt":"2024-02-19T17:29:38","slug":"slaegten","status":"publish","type":"page","link":"https:\/\/thorhund0803.dk\/?page_id=175","title":{"rendered":"Sl\u00e6gten"},"content":{"rendered":"\n<ul class=\"wp-block-list\">\n<li>Feltpost sendt fra en mor (min oldemor) i Bevtoft til s\u00f8nnen Jes Peter Thomsen, som er ved fronten under Den Store Krig (1. verdenskrig).<\/li>\n<\/ul>\n\n\n\n\n\n<figure class=\"wp-block-gallery has-nested-images columns-default is-cropped wp-block-gallery-1 is-layout-flex wp-block-gallery-is-layout-flex\">\n<figure class=\"wp-block-image size-large\"><img data-recalc-dims=\"1\" loading=\"lazy\" decoding=\"async\" width=\"584\" height=\"828\" data-id=\"585\" src=\"https:\/\/i0.wp.com\/thorhund0803.dk\/wp-content\/uploads\/2024\/02\/Postkort-side-2-3.jpg?resize=584%2C828&#038;ssl=1\" alt=\"\" class=\"wp-image-585\" srcset=\"https:\/\/i0.wp.com\/thorhund0803.dk\/wp-content\/uploads\/2024\/02\/Postkort-side-2-3.jpg?resize=722%2C1024&amp;ssl=1 722w, https:\/\/i0.wp.com\/thorhund0803.dk\/wp-content\/uploads\/2024\/02\/Postkort-side-2-3.jpg?resize=212%2C300&amp;ssl=1 212w, https:\/\/i0.wp.com\/thorhund0803.dk\/wp-content\/uploads\/2024\/02\/Postkort-side-2-3.jpg?resize=768%2C1089&amp;ssl=1 768w, https:\/\/i0.wp.com\/thorhund0803.dk\/wp-content\/uploads\/2024\/02\/Postkort-side-2-3.jpg?resize=1083%2C1536&amp;ssl=1 1083w, https:\/\/i0.wp.com\/thorhund0803.dk\/wp-content\/uploads\/2024\/02\/Postkort-side-2-3.jpg?w=1154&amp;ssl=1 1154w\" sizes=\"(max-width: 584px) 100vw, 584px\" \/><\/figure>\n\n\n\n<figure class=\"wp-block-image size-large\"><img data-recalc-dims=\"1\" loading=\"lazy\" decoding=\"async\" width=\"584\" height=\"835\" data-id=\"584\" src=\"https:\/\/i0.wp.com\/thorhund0803.dk\/wp-content\/uploads\/2024\/02\/Postkort-side-1-3.jpg?resize=584%2C835&#038;ssl=1\" alt=\"\" class=\"wp-image-584\" srcset=\"https:\/\/i0.wp.com\/thorhund0803.dk\/wp-content\/uploads\/2024\/02\/Postkort-side-1-3.jpg?resize=716%2C1024&amp;ssl=1 716w, https:\/\/i0.wp.com\/thorhund0803.dk\/wp-content\/uploads\/2024\/02\/Postkort-side-1-3.jpg?resize=210%2C300&amp;ssl=1 210w, https:\/\/i0.wp.com\/thorhund0803.dk\/wp-content\/uploads\/2024\/02\/Postkort-side-1-3.jpg?resize=768%2C1098&amp;ssl=1 768w, https:\/\/i0.wp.com\/thorhund0803.dk\/wp-content\/uploads\/2024\/02\/Postkort-side-1-3.jpg?resize=1075%2C1536&amp;ssl=1 1075w, https:\/\/i0.wp.com\/thorhund0803.dk\/wp-content\/uploads\/2024\/02\/Postkort-side-1-3.jpg?w=1130&amp;ssl=1 1130w\" sizes=\"(max-width: 584px) 100vw, 584px\" \/><\/figure>\n<\/figure>\n\n\n\n<p class=\"has-text-align-center has-medium-font-size\">Oversat fra tysk til dansk (og engelsk) lyder postkortet nogenlunde s\u00e5ledes:<\/p>\n\n\n\n<p><\/p>\n\n\n\n<p><\/p>\n\n\n\n<p><\/p>\n\n\n\n<p><\/p>\n\n\n\n<p class=\"has-text-align-right\">Bevtoft den 27. december 1916.<\/p>\n\n\n\n<p>Vi stoler p\u00e5 Gud.<\/p>\n\n\n\n<p>K\u00e6re s\u00f8n,<\/p>\n\n\n\n<p>Dit k\u00e6re brev fra den 9. december 1916, har vi modtaget, for hvilket vi takker. Anne er i dag hos din kone, det er i dag jeres forlovelsesdag og det samme for Thomas. Nu tager Anne oftere til Galsted, fordi jeg ikke er i stand til det. N\u00e5r far ikke vil k\u00f8re, m\u00e5 jeg blive hjemme. P\u00e5 grund af brystsvaghed kan jeg ikke holde ud at g\u00e5, men heldigvis har jeg aldrig smerter. Det g\u00f8r mid tit ondt, at jeg ikke oftere kan bes\u00f8ge din kone. Det var altid s\u00e5 hyggeligt n\u00e5r jeg var der. Jeg ville \u00f8nske at du igen var hjemme hos hende. <\/p>\n\n\n\n<p>Nu er Arthur ved Hans. Vi har meddelse fra hele vores familie i Danmark. Har f\u00e5et brev med hilsen fra alle. Hjertelig hilsen fra os alle. <\/p>\n\n\n\n<p>Lev vel og farvel.<\/p>\n\n\n\n<p class=\"has-text-align-right\">Din mor.<\/p>\n\n\n\n<p>In god we trust.<\/p>\n\n\n\n<p>\u00a0\u00a0\u00a0\u00a0\u00a0\u00a0\u00a0\u00a0\u00a0\u00a0\u00a0\u00a0\u00a0\u00a0\u00a0\u00a0\u00a0\u00a0\u00a0\u00a0\u00a0\u00a0\u00a0\u00a0\u00a0\u00a0\u00a0\u00a0\u00a0\u00a0\u00a0\u00a0\u00a0\u00a0\u00a0\u00a0\u00a0\u00a0\u00a0\u00a0\u00a0\u00a0\u00a0\u00a0\u00a0\u00a0\u00a0\u00a0\u00a0\u00a0\u00a0\u00a0\u00a0\u00a0\u00a0\u00a0\u00a0\u00a0\u00a0\u00a0\u00a0\u00a0\u00a0\u00a0\u00a0\u00a0\u00a0\u00a0\u00a0\u00a0\u00a0\u00a0\u00a0\u00a0\u00a0\u00a0\u00a0\u00a0\u00a0\u00a0\u00a0\u00a0\u00a0\u00a0\u00a0\u00a0\u00a0\u00a0\u00a0\u00a0\u00a0\u00a0\u00a0Bevtoft 27 December 1916.<\/p>\n\n\n\n<p>Dear Son,<\/p>\n\n\n\n<p>Your dear letter from 09 december 1916, we have received, for which we are thanking.<br>Anne is today by your wife, it is today your engagement day and the same for Thomas.<br>Now Anne is more often going to Galsted, because I am not able to. When dad not will drive<br>I must stay at home. Due to chest weakness I can not hold on walking, but luckily I have<br>never pain. Often it hurts me, that I not so often can visit your wife. It was alway so cosy<br>when I was there. I wish you were at home again by her.<br>Now Arthur is by Hans. We have message from Aarhus, from all our family in Denmark.<br>Have got a letter and greetings from all.<br>Hearty greetings from every one of us.<br>Live well and good bye. <\/p>\n\n\n\n<p class=\"has-text-align-right\">Your mother.<\/p>\n","protected":false},"excerpt":{"rendered":"<p>Oversat fra tysk til dansk (og engelsk) lyder postkortet nogenlunde s\u00e5ledes: Bevtoft den 27. december 1916. Vi stoler p\u00e5 Gud. K\u00e6re s\u00f8n, Dit k\u00e6re brev fra den 9. december 1916, har vi modtaget, for hvilket vi takker. Anne er i &hellip; <a href=\"https:\/\/thorhund0803.dk\/?page_id=175\">L\u00e6s resten <span class=\"meta-nav\">&rarr;<\/span><\/a><\/p>\n","protected":false},"author":1,"featured_media":0,"parent":0,"menu_order":0,"comment_status":"closed","ping_status":"closed","template":"","meta":{"om_disable_all_campaigns":false,"_monsterinsights_skip_tracking":false,"_monsterinsights_sitenote_active":false,"_monsterinsights_sitenote_note":"","_monsterinsights_sitenote_category":0,"_uf_show_specific_survey":0,"_uf_disable_surveys":false,"ngg_post_thumbnail":0,"jetpack_post_was_ever_published":false,"footnotes":""},"class_list":["post-175","page","type-page","status-publish","hentry"],"aioseo_notices":[],"jetpack_sharing_enabled":true,"jetpack-related-posts":[],"_links":{"self":[{"href":"https:\/\/thorhund0803.dk\/index.php?rest_route=\/wp\/v2\/pages\/175"}],"collection":[{"href":"https:\/\/thorhund0803.dk\/index.php?rest_route=\/wp\/v2\/pages"}],"about":[{"href":"https:\/\/thorhund0803.dk\/index.php?rest_route=\/wp\/v2\/types\/page"}],"author":[{"embeddable":true,"href":"https:\/\/thorhund0803.dk\/index.php?rest_route=\/wp\/v2\/users\/1"}],"replies":[{"embeddable":true,"href":"https:\/\/thorhund0803.dk\/index.php?rest_route=%2Fwp%2Fv2%2Fcomments&post=175"}],"version-history":[{"count":28,"href":"https:\/\/thorhund0803.dk\/index.php?rest_route=\/wp\/v2\/pages\/175\/revisions"}],"predecessor-version":[{"id":590,"href":"https:\/\/thorhund0803.dk\/index.php?rest_route=\/wp\/v2\/pages\/175\/revisions\/590"}],"wp:attachment":[{"href":"https:\/\/thorhund0803.dk\/index.php?rest_route=%2Fwp%2Fv2%2Fmedia&parent=175"}],"curies":[{"name":"wp","href":"https:\/\/api.w.org\/{rel}","templated":true}]}}